{"id":55,"date":"2021-03-01T16:04:59","date_gmt":"2021-03-01T15:04:59","guid":{"rendered":"http:\/\/publiprint.lu\/?page_id=55"},"modified":"2026-01-20T14:34:38","modified_gmt":"2026-01-20T13:34:38","slug":"impressum","status":"publish","type":"page","link":"http:\/\/publiprint.lu\/fr\/impressum\/","title":{"rendered":"Qui sommes-nous?"},"content":{"rendered":"\n<p>PUBLIPRINT s.\u00e0 r.l.<br>63, av J-F Kennedy<br>L-9053 Ettelbruck &#8211; Luxembourg<\/p>\n\n\n\n<p><strong>Contact:<\/strong><br>T\u00e9l\u00e9phone: +352 26 810 882<br>E-Mail: publiprint@pt.lu<\/p>\n\n\n\n<p><strong>Repr\u00e9sent\u00e9 par:<\/strong><br>Berthold BACKES<\/p>\n\n\n\n<p><strong>RC:<\/strong><br>109241<\/p>\n\n\n\n<p><strong>Matricule:<\/strong><br>20002406633<\/p>\n\n\n\n<p><strong>ID :<\/strong><br>LU 18348859<\/p>\n\n\n\n<p><strong>Copyright<\/strong>: \u00a9 2000-2026 Publiprint s.\u00e0 r.l.<br>Tous les images, textes, illustrations et logos sont prot\u00e9g\u00e9s en mati\u00e8re de droits d\u2019auteur.<br>L&#8217;ensemble du site web (images, photos, graphiques, logos, descriptions de produits, textes, donn\u00e9es, etc.) est couvert par le droit d&#8217;auteur et marques d\u00e9pos\u00e9es.<\/p>\n\n\n\n<p><\/p>\n\n\n\n<p><\/p>\n\n\n\n<p><\/p>\n\n\n\n<p><\/p>\n\n\n\n<p><\/p>\n\n\n\n<p><\/p>\n\n\n\n<p><\/p>\n\n\n\n<p><\/p>\n","protected":false},"excerpt":{"rendered":"<p>PUBLIPRINT s.\u00e0 r.l.63, av J-F KennedyL-9053 Ettelbruck &#8211; Luxembourg Contact:T\u00e9l\u00e9phone: +352 26 810 882E-Mail: publiprint@pt.lu &hellip; <\/p>\n","protected":false},"author":1,"featured_media":0,"parent":0,"menu_order":0,"comment_status":"closed","ping_status":"closed","template":"","meta":{"footnotes":""},"class_list":["post-55","page","type-page","status-publish","hentry"],"translation":{"provider":"WPGlobus","version":"3.0.2","language":"fr","enabled_languages":["de","fr"],"languages":{"de":{"title":true,"content":true,"excerpt":false},"fr":{"title":true,"content":true,"excerpt":false}}},"_links":{"self":[{"href":"http:\/\/publiprint.lu\/fr\/wp-json\/wp\/v2\/pages\/55","targetHints":{"allow":["GET"]}}],"collection":[{"href":"http:\/\/publiprint.lu\/fr\/wp-json\/wp\/v2\/pages"}],"about":[{"href":"http:\/\/publiprint.lu\/fr\/wp-json\/wp\/v2\/types\/page"}],"author":[{"embeddable":true,"href":"http:\/\/publiprint.lu\/fr\/wp-json\/wp\/v2\/users\/1"}],"replies":[{"embeddable":true,"href":"http:\/\/publiprint.lu\/fr\/wp-json\/wp\/v2\/comments?post=55"}],"version-history":[{"count":24,"href":"http:\/\/publiprint.lu\/fr\/wp-json\/wp\/v2\/pages\/55\/revisions"}],"predecessor-version":[{"id":1229,"href":"http:\/\/publiprint.lu\/fr\/wp-json\/wp\/v2\/pages\/55\/revisions\/1229"}],"wp:attachment":[{"href":"http:\/\/publiprint.lu\/fr\/wp-json\/wp\/v2\/media?parent=55"}],"curies":[{"name":"wp","href":"https:\/\/api.w.org\/{rel}","templated":true}]}}